{"id":2,"date":"2016-05-10T03:48:21","date_gmt":"2016-05-10T03:48:21","guid":{"rendered":"http:\/\/wp452m.a10-52-158-154.qa.plesk.ru\/wordpress\/?page_id=2"},"modified":"2025-09-23T13:38:15","modified_gmt":"2025-09-23T11:38:15","slug":"sample-page","status":"publish","type":"page","link":"http:\/\/orthopaedie-straelen.de\/?page_id=2","title":{"rendered":"Impressum"},"content":{"rendered":"<div class=\"thn_post_wrap\">\n<p>Angaben gem\u00e4\u00df \u00a7 5 TMG:<\/p>\n<p>Kai-Uwe Koch<br \/>\nFacharzt f\u00fcr Orthop\u00e4die<\/p>\n<p>Walbecker Stra\u00dfe 5<br \/>\n47638 Straelen<\/p>\n<p>Kontakt<\/p>\n<p>Tel.: 02834 98190<br \/>\nFax: 02834 98170<br \/>\nMail:\u00a0<a href=\"mailto:orthopaediekoch@gmail.com\">orthopaediekoch@gmail.com<\/a><\/p>\n<p>Aufsichtsbeh\u00f6rde<\/p>\n<p>\u00c4rztekammer Nordrhein &amp; Kassen\u00e4rztliche Vereinigung Nordrhein<\/p>\n<p>Berufsbezeichnung: Facharzt f\u00fcr Orthop\u00e4die (erworben in Deutschland)<br \/>\nZust\u00e4ndige Kammer: \u00c4rztekammer Nordrhein, Tersteegenstr. 9, 40474 D\u00fcsseldorf<br \/>\nVerliehen durch: Deutschland<br \/>\nEs gelten folgende berufsrechtliche Regelungen: Berufsordnung der Landes\u00e4rztkammer<br \/>\nRegelungen einsehbar unter: <a href=\"https:\/\/www.aekno.de\/page.asp?pageID=57\">https:\/\/www.aekno.de\/page.asp?pageID=57<\/a><\/p>\n<\/div>\n","protected":false},"excerpt":{"rendered":"<p>Angaben gem\u00e4\u00df \u00a7 5 TMG: Kai-Uwe Koch Facharzt f\u00fcr Orthop\u00e4die Walbecker Stra\u00dfe 5 47638 Straelen Kontakt Tel.: 02834 98190 Fax: 02834 98170 Mail:\u00a0orthopaediekoch@gmail.com Aufsichtsbeh\u00f6rde \u00c4rztekammer Nordrhein &amp; Kassen\u00e4rztliche Vereinigung Nordrhein Berufsbezeichnung: Facharzt f\u00fcr Orthop\u00e4die (erworben in Deutschland) Zust\u00e4ndige Kammer: \u00c4rztekammer Nordrhein, Tersteegenstr. 9, 40474 D\u00fcsseldorf Verliehen durch: Deutschland Es gelten folgende berufsrechtliche Regelungen: Berufsordnung der<br \/><a class=\"moretag\" href=\"http:\/\/orthopaedie-straelen.de\/?page_id=2\">+ Lesen Sie mehr<\/a><\/p>\n","protected":false},"author":1,"featured_media":0,"parent":0,"menu_order":0,"comment_status":"closed","ping_status":"open","template":"","meta":[],"_links":{"self":[{"href":"http:\/\/orthopaedie-straelen.de\/index.php?rest_route=\/wp\/v2\/pages\/2"}],"collection":[{"href":"http:\/\/orthopaedie-straelen.de\/index.php?rest_route=\/wp\/v2\/pages"}],"about":[{"href":"http:\/\/orthopaedie-straelen.de\/index.php?rest_route=\/wp\/v2\/types\/page"}],"author":[{"embeddable":true,"href":"http:\/\/orthopaedie-straelen.de\/index.php?rest_route=\/wp\/v2\/users\/1"}],"replies":[{"embeddable":true,"href":"http:\/\/orthopaedie-straelen.de\/index.php?rest_route=%2Fwp%2Fv2%2Fcomments&post=2"}],"version-history":[{"count":3,"href":"http:\/\/orthopaedie-straelen.de\/index.php?rest_route=\/wp\/v2\/pages\/2\/revisions"}],"predecessor-version":[{"id":133,"href":"http:\/\/orthopaedie-straelen.de\/index.php?rest_route=\/wp\/v2\/pages\/2\/revisions\/133"}],"wp:attachment":[{"href":"http:\/\/orthopaedie-straelen.de\/index.php?rest_route=%2Fwp%2Fv2%2Fmedia&parent=2"}],"curies":[{"name":"wp","href":"https:\/\/api.w.org\/{rel}","templated":true}]}}